{"id":215,"date":"2023-07-24T11:11:20","date_gmt":"2023-07-24T11:11:20","guid":{"rendered":"https:\/\/www.tecnofirm.com\/tecnofirm-soluciones-informaticas\/"},"modified":"2023-07-26T10:21:15","modified_gmt":"2023-07-26T10:21:15","slug":"tecnofirm-soluciones-informaticas","status":"publish","type":"page","link":"https:\/\/www.tecnofirm.eu\/es\/","title":{"rendered":"Tecnofirm, soluciones inform\u00e1ticas"},"content":{"rendered":"<p>[et_pb_section fb_built=\u00bb1&#8243; module_id=\u00bbSecci\u00f3n-1&#8243; module_class=\u00bbseccio-gradient\u00bb _builder_version=\u00bb4.21.0&#8243; _module_preset=\u00bbdefault\u00bb height=\u00bb75vh\u00bb height_tablet=\u00bb40vh\u00bb height_phone=\u00bb50vh\u00bb height_last_edited=\u00bbon|phone\u00bb global_colors_info=\u00bb{}\u00bb][et_pb_row _builder_version=\u00bb4.21.0&#8243; _module_preset=\u00bbdefault\u00bb positioning=\u00bbabsolute\u00bb position_origin_a=\u00bbcenter_center\u00bb position_origin_a_tablet=\u00bbcenter_center\u00bb position_origin_a_phone=\u00bbcenter_center\u00bb position_origin_a_last_edited=\u00bbon|desktop\u00bb position_origin_f_tablet=\u00bb\u00bb position_origin_f_phone=\u00bb\u00bb position_origin_f_last_edited=\u00bbon|desktop\u00bb position_origin_r_tablet=\u00bb\u00bb position_origin_r_phone=\u00bb\u00bb position_origin_r_last_edited=\u00bbon|desktop\u00bb positioning_tablet=\u00bbnone\u00bb positioning_phone=\u00bbnone\u00bb positioning_last_edited=\u00bbon|desktop\u00bb global_colors_info=\u00bb{}\u00bb][et_pb_column type=\u00bb4_4&#8243; _builder_version=\u00bb4.21.0&#8243; _module_preset=\u00bbdefault\u00bb global_colors_info=\u00bb{}\u00bb][et_pb_text _builder_version=\u00bb4.21.0&#8243; _module_preset=\u00bbdefault\u00bb text_font=\u00bb||||||||\u00bb header_font=\u00bb|300|||||||\u00bb header_font_size=\u00bb60px\u00bb text_orientation=\u00bbcenter\u00bb background_layout=\u00bbdark\u00bb global_colors_info=\u00bb{}\u00bb]<\/p>\n<h1>Todas las soluciones<\/h1>\n<h1>inform\u00e1ticas que necesitas<\/h1>\n<p>[\/et_pb_text][et_pb_button button_text=\u00bbM\u00e1s informaci\u00f3n\u00bb button_alignment=\u00bbcenter\u00bb _builder_version=\u00bb4.21.0&#8243; _module_preset=\u00bbdefault\u00bb background_layout=\u00bbdark\u00bb global_colors_info=\u00bb{}\u00bb][\/et_pb_button][\/et_pb_column][\/et_pb_row][\/et_pb_section][et_pb_section fb_built=\u00bb1&#8243; _builder_version=\u00bb4.21.0&#8243; _module_preset=\u00bbdefault\u00bb custom_padding=\u00bb120px|||||\u00bb global_colors_info=\u00bb{}\u00bb][et_pb_row _builder_version=\u00bb4.21.0&#8243; _module_preset=\u00bbdefault\u00bb global_colors_info=\u00bb{}\u00bb][et_pb_column type=\u00bb4_4&#8243; _builder_version=\u00bb4.21.0&#8243; _module_preset=\u00bbdefault\u00bb global_colors_info=\u00bb{}\u00bb][et_pb_text _builder_version=\u00bb4.21.0&#8243; _module_preset=\u00bbdefault\u00bb text_orientation=\u00bbcenter\u00bb max_width=\u00bb600px\u00bb module_alignment=\u00bbcenter\u00bb global_colors_info=\u00bb{}\u00bb]<\/p>\n<h2>Acerca de Nosotros<\/h2>\n<p>Bienvenidos a Tecnofirm, una empresa dedicada a proporcionar una amplia gama de servicios inform\u00e1ticos dise\u00f1ados para satisfacer sus necesidades empresariales y personales.<\/p>\n<p>[\/et_pb_text][et_pb_button button_text=\u00bbSaber m\u00e1s\u00bb button_alignment=\u00bbcenter\u00bb _builder_version=\u00bb4.21.0&#8243; _module_preset=\u00bbdefault\u00bb global_colors_info=\u00bb{}\u00bb][\/et_pb_button][\/et_pb_column][\/et_pb_row][\/et_pb_section][et_pb_section fb_built=\u00bb1&#8243; _builder_version=\u00bb4.21.0&#8243; _module_preset=\u00bbdefault\u00bb global_colors_info=\u00bb{}\u00bb][et_pb_row column_structure=\u00bb1_2,1_2&#8243; _builder_version=\u00bb4.21.0&#8243; _module_preset=\u00bbdefault\u00bb global_colors_info=\u00bb{}\u00bb][et_pb_column type=\u00bb1_2&#8243; _builder_version=\u00bb4.21.0&#8243; _module_preset=\u00bb65d56809-7742-4924-8a93-381c014b18f0&#8243; global_colors_info=\u00bb{}\u00bb][et_pb_cta title=\u00bbAdministraci\u00f3n de Sistemas y Redes\u00bb button_url=\u00bbhttp:\/\/.\u00bb button_text=\u00bbSaber m\u00e1s\u00bb _builder_version=\u00bb4.21.0&#8243; _module_preset=\u00bb75f5183e-7fa9-46e3-b834-430971036124&#8243; global_colors_info=\u00bb{}\u00bb]<\/p>\n<p><span>En Tecnofirm ofrecemos un servicio completo para garantizar que su infraestructura tecnol\u00f3gica funcione de forma eficiente y segura, proporcionando el soporte necesario.<\/span><\/p>\n<p>[\/et_pb_cta][et_pb_icon font_icon=\u00bb&#xe00e;||divi||400&#8243; _builder_version=\u00bb4.21.0&#8243; _module_preset=\u00bb28029243-6885-42df-8710-8f1ee10171e1&#8243; global_colors_info=\u00bb{}\u00bb][\/et_pb_icon][\/et_pb_column][et_pb_column type=\u00bb1_2&#8243; _builder_version=\u00bb4.21.0&#8243; _module_preset=\u00bb65d56809-7742-4924-8a93-381c014b18f0&#8243; global_colors_info=\u00bb{}\u00bb][et_pb_cta title=\u00bbAlojamiento web\u00bb button_url=\u00bbhttp:\/\/.\u00bb button_text=\u00bbSaber m\u00e1s\u00bb _builder_version=\u00bb4.21.0&#8243; _module_preset=\u00bb75f5183e-7fa9-46e3-b834-430971036124&#8243; global_colors_info=\u00bb{}\u00bb]Nuestros servidores seguros y de gran rendimiento garantizan tiempos de carga r\u00e1pidos, alta disponibilidad y protecci\u00f3n contra amenazas de seguridad.[\/et_pb_cta][et_pb_icon font_icon=\u00bb&#xe620;||divi||400&#8243; _builder_version=\u00bb4.21.0&#8243; _module_preset=\u00bb28029243-6885-42df-8710-8f1ee10171e1&#8243; global_colors_info=\u00bb{}\u00bb][\/et_pb_icon][\/et_pb_column][\/et_pb_row][et_pb_row column_structure=\u00bb1_2,1_2&#8243; _builder_version=\u00bb4.21.0&#8243; _module_preset=\u00bbdefault\u00bb global_colors_info=\u00bb{}\u00bb][et_pb_column type=\u00bb1_2&#8243; _builder_version=\u00bb4.21.0&#8243; _module_preset=\u00bb65d56809-7742-4924-8a93-381c014b18f0&#8243; global_colors_info=\u00bb{}\u00bb][et_pb_cta title=\u00bbComercios y Restauraci\u00f3n\u00bb button_url=\u00bbhttp:\/\/.\u00bb button_text=\u00bbSaber m\u00e1s\u00bb _builder_version=\u00bb4.21.0&#8243; _module_preset=\u00bb75f5183e-7fa9-46e3-b834-430971036124&#8243; global_colors_info=\u00bb{}\u00bb]<\/p>\n<p>En Tecnofirm, <span>con a\u00f1os de experiencia especializada, somos su partner estrat\u00e9gico para impulsar su negocio con tecnolog\u00eda avanzada y personalizada.<\/span><\/p>\n<p>[\/et_pb_cta][et_pb_icon font_icon=\u00bb&#xe015;||divi||400&#8243; _builder_version=\u00bb4.21.0&#8243; _module_preset=\u00bb28029243-6885-42df-8710-8f1ee10171e1&#8243; global_colors_info=\u00bb{}\u00bb][\/et_pb_icon][\/et_pb_column][et_pb_column type=\u00bb1_2&#8243; _builder_version=\u00bb4.21.0&#8243; _module_preset=\u00bb65d56809-7742-4924-8a93-381c014b18f0&#8243; global_colors_info=\u00bb{}\u00bb][et_pb_cta title=\u00bbSeguridad y Antivirus\u00bb button_url=\u00bbhttp:\/\/.\u00bb button_text=\u00bbSaber m\u00e1s\u00bb _builder_version=\u00bb4.21.0&#8243; _module_preset=\u00bb75f5183e-7fa9-46e3-b834-430971036124&#8243; hover_enabled=\u00bb0&#8243; global_colors_info=\u00bb{}\u00bb sticky_enabled=\u00bb0&#8243;]<\/p>\n<p>Somos especialistas en administraci\u00f3n de seguridad inform\u00e1tica y antivirus, dedicados a garantizar que sus sistemas est\u00e9n seguros y protegidos contra cualquier amenaza.<\/p>\n<p>[\/et_pb_cta][et_pb_icon font_icon=\u00bb&#x7e;||divi||400&#8243; _builder_version=\u00bb4.21.0&#8243; _module_preset=\u00bb28029243-6885-42df-8710-8f1ee10171e1&#8243; global_colors_info=\u00bb{}\u00bb][\/et_pb_icon][\/et_pb_column][\/et_pb_row][\/et_pb_section][et_pb_section fb_built=\u00bb1&#8243; _builder_version=\u00bb4.21.0&#8243; _module_preset=\u00bbdefault\u00bb custom_padding=\u00bb||120px|||\u00bb global_colors_info=\u00bb{}\u00bb][et_pb_row module_id=\u00bbrow-4&#8243; module_class=\u00bbrow-4&#8243; _builder_version=\u00bb4.21.0&#8243; _module_preset=\u00bbdefault\u00bb custom_padding=\u00bb75px|30px|75px|30px|false|false\u00bb border_radii=\u00bbon|20px|20px|20px|20px\u00bb global_colors_info=\u00bb{}\u00bb][et_pb_column type=\u00bb4_4&#8243; _builder_version=\u00bb4.21.0&#8243; _module_preset=\u00bbdefault\u00bb global_colors_info=\u00bb{}\u00bb][et_pb_text _builder_version=\u00bb4.21.0&#8243; _module_preset=\u00bbdefault\u00bb text_orientation=\u00bbcenter\u00bb max_width=\u00bb600px\u00bb module_alignment=\u00bbcenter\u00bb custom_padding=\u00bb||13px|||\u00bb global_colors_info=\u00bb{}\u00bb]<\/p>\n<h2>Contacto<\/h2>\n<p><span>Le invitamos a explorar nuestra p\u00e1gina web para conocer m\u00e1s sobre nuestros servicios y descubrir c\u00f3mo Tecnofirm puede ayudarle a alcanzar sus objetivos.<br \/>Cont\u00e1ctenos hoy para una consulta sin compromiso. <\/span><\/p>\n<p>[\/et_pb_text][et_pb_button button_text=\u00bbSaber m\u00e1s\u00bb button_alignment=\u00bbcenter\u00bb _builder_version=\u00bb4.21.0&#8243; _module_preset=\u00bbdefault\u00bb global_colors_info=\u00bb{}\u00bb][\/et_pb_button][\/et_pb_column][\/et_pb_row][\/et_pb_section]<\/p>\n","protected":false},"excerpt":{"rendered":"<p>Todas las soluciones inform\u00e1ticas que necesitasAcerca de Nosotros Bienvenidos a Tecnofirm, una empresa dedicada a proporcionar una amplia gama de servicios inform\u00e1ticos dise\u00f1ados para satisfacer sus necesidades empresariales y personales.En Tecnofirm ofrecemos un servicio completo para garantizar que su infraestructura tecnol\u00f3gica funcione de forma eficiente y segura, proporcionando el soporte necesario.Nuestros servidores seguros y de [&hellip;]<\/p>\n","protected":false},"author":1,"featured_media":0,"parent":0,"menu_order":0,"comment_status":"closed","ping_status":"closed","template":"","meta":{"_et_pb_use_builder":"on","_et_pb_old_content":"","_et_gb_content_width":"","footnotes":""},"dipi_cpt_category":[],"class_list":["post-215","page","type-page","status-publish","hentry"],"_links":{"self":[{"href":"https:\/\/www.tecnofirm.eu\/es\/wp-json\/wp\/v2\/pages\/215","targetHints":{"allow":["GET"]}}],"collection":[{"href":"https:\/\/www.tecnofirm.eu\/es\/wp-json\/wp\/v2\/pages"}],"about":[{"href":"https:\/\/www.tecnofirm.eu\/es\/wp-json\/wp\/v2\/types\/page"}],"author":[{"embeddable":true,"href":"https:\/\/www.tecnofirm.eu\/es\/wp-json\/wp\/v2\/users\/1"}],"replies":[{"embeddable":true,"href":"https:\/\/www.tecnofirm.eu\/es\/wp-json\/wp\/v2\/comments?post=215"}],"version-history":[{"count":5,"href":"https:\/\/www.tecnofirm.eu\/es\/wp-json\/wp\/v2\/pages\/215\/revisions"}],"predecessor-version":[{"id":220,"href":"https:\/\/www.tecnofirm.eu\/es\/wp-json\/wp\/v2\/pages\/215\/revisions\/220"}],"wp:attachment":[{"href":"https:\/\/www.tecnofirm.eu\/es\/wp-json\/wp\/v2\/media?parent=215"}],"wp:term":[{"taxonomy":"dipi_cpt_category","embeddable":true,"href":"https:\/\/www.tecnofirm.eu\/es\/wp-json\/wp\/v2\/dipi_cpt_category?post=215"}],"curies":[{"name":"wp","href":"https:\/\/api.w.org\/{rel}","templated":true}]}}